{"id":371,"date":"2026-05-08T13:32:58","date_gmt":"2026-05-08T11:32:58","guid":{"rendered":"https:\/\/jobs.dialyse-rendsburg.de\/?page_id=371"},"modified":"2026-05-11T15:00:27","modified_gmt":"2026-05-11T13:00:27","slug":"med-fachangestellte-mwd-fuer-die-nephrologische-ambulanz","status":"publish","type":"page","link":"https:\/\/jobs.dialyse-rendsburg.de\/?page_id=371","title":{"rendered":"Med. Fachangestellte (m,w,d) f\u00fcr Praxis- und Sprechstundenbetrieb"},"content":{"rendered":"\t\t<div data-elementor-type=\"wp-page\" data-elementor-id=\"371\" class=\"elementor elementor-371\" data-elementor-post-type=\"page\">\n\t\t\t\t<div class=\"elementor-element elementor-element-7f648dfd e-flex e-con-boxed e-con e-parent\" data-id=\"7f648dfd\" data-element_type=\"container\" data-e-type=\"container\">\n\t\t\t\t\t<div class=\"e-con-inner\">\n\t\t\t\t<div class=\"elementor-element elementor-element-4aff4105 elementor-widget elementor-widget-text-editor\" data-id=\"4aff4105\" data-element_type=\"widget\" data-e-type=\"widget\" data-widget_type=\"text-editor.default\">\n\t\t\t\t\t\t\t\t\t\n<p>Unabdinglich ist eine abgeschlossene Berufsausbildung\u00a0 zur Medizinischen Fachangestellten oder Arzthelferin.<\/p>\n\n<p>Ihr Arbeitsgebiet wird die Anmeldung mit Koordination der Sprechstunde sein.<\/p>\n\n<p><strong>Zu Ihren Aufgaben geh\u00f6ren:<\/strong><\/p>\n\n<ul class=\"wp-block-list\">\n<li>Vor- und Nachbereitung der Sprechstunde<\/li>\n\n<li>Terminverwaltung<\/li>\n\n<li>Arztbrieferstellung<\/li>\n\n<li>Blutentnahmen<\/li>\n\n<li>Anlegen und Ausdrucken von Langzeit-RR<\/li>\n\n<li>Materialbestellung<\/li>\n<\/ul>\n\n<p><strong><br \/>Wir bieten Ihnen:<\/strong><\/p>\n\n<ul class=\"wp-block-list\">\n<li>einen interessanten Arbeitsplatz und intensive Einarbeitung<\/li>\n\n<li>Kollegialit\u00e4t und eine gute Zusammenarbeit im Team<\/li>\n\n<li>Monatsgehalt &amp; Urlaubsgeld<\/li>\n\n<li>eine betriebliche Altersvorsorge<\/li>\n\n<li>Dienstkleidung wird gestellt<\/li>\n\n<li>Sozialraum, inkl. gratis Fr\u00fchst\u00fcck<\/li>\n<\/ul>\n\n<p><strong><br \/>Ihr Profil:<\/strong><\/p>\n\n<ul class=\"wp-block-list\">\n<li>Sie haben Freude an der T\u00e4tigkeit in der Anmeldung, Blutentnahmen und Patientenbetreuung<\/li>\n\n<li>Sie legen Wert auf eine freundliche und hilfsbereite Kommunikation im Umgang mit Patienten und Ihren Kolleginnen<\/li>\n\n<li>Sie sind motiviert, arbeiten selbstst\u00e4ndig sowie zuverl\u00e4ssig und \u00fcbernehmen Verantwortung<\/li>\n<\/ul>\n\n<p><strong>Haben wir Ihr Interesse geweckt?<\/strong><\/p>\n\n<p>Dann freuen wir uns auf Ihre aussagekr\u00e4ftigen Bewerbungsunterlagen. Bitte \u00fcbersenden Sie Ihre vollst\u00e4ndigen Bewerbungsunterlagen an das<\/p>\n\n<p><strong>Nephrologisches Zentrum Rendsburg-Eckernf\u00f6rde<\/strong><br \/>Standort Rendsburg<br \/>Frau K\u00f6ster<br \/>Wrangelstr. 6<br \/>24768 Rendsburg<\/p>\n\n<p>oder E-Mail an info@dialyse-rendsburg.de<\/p>\n\t\t\t\t\t\t\t\t<\/div>\n\t\t\t\t\t<\/div>\n\t\t\t\t<\/div>\n\t\t\t\t<\/div>\n\t\t","protected":false},"excerpt":{"rendered":"<p>Unabdinglich ist eine abgeschlossene Berufsausbildung\u00a0 zur Medizinischen Fachangestellten oder Arzthelferin. Ihr Arbeitsgebiet wird die Anmeldung mit Koordination der Sprechstunde sein. Zu Ihren Aufgaben geh\u00f6ren: Wir bieten Ihnen: Ihr Profil: Haben wir Ihr Interesse geweckt? Dann freuen wir uns auf Ihre aussagekr\u00e4ftigen Bewerbungsunterlagen. Bitte \u00fcbersenden Sie Ihre vollst\u00e4ndigen Bewerbungsunterlagen an das Nephrologisches Zentrum Rendsburg-Eckernf\u00f6rdeStandort RendsburgFrau K\u00f6sterWrangelstr. [&hellip;]<\/p>\n","protected":false},"author":1,"featured_media":0,"parent":0,"menu_order":0,"comment_status":"closed","ping_status":"closed","template":"","meta":{"footnotes":""},"class_list":["post-371","page","type-page","status-publish","hentry"],"_links":{"self":[{"href":"https:\/\/jobs.dialyse-rendsburg.de\/index.php?rest_route=\/wp\/v2\/pages\/371","targetHints":{"allow":["GET"]}}],"collection":[{"href":"https:\/\/jobs.dialyse-rendsburg.de\/index.php?rest_route=\/wp\/v2\/pages"}],"about":[{"href":"https:\/\/jobs.dialyse-rendsburg.de\/index.php?rest_route=\/wp\/v2\/types\/page"}],"author":[{"embeddable":true,"href":"https:\/\/jobs.dialyse-rendsburg.de\/index.php?rest_route=\/wp\/v2\/users\/1"}],"replies":[{"embeddable":true,"href":"https:\/\/jobs.dialyse-rendsburg.de\/index.php?rest_route=%2Fwp%2Fv2%2Fcomments&post=371"}],"version-history":[{"count":15,"href":"https:\/\/jobs.dialyse-rendsburg.de\/index.php?rest_route=\/wp\/v2\/pages\/371\/revisions"}],"predecessor-version":[{"id":449,"href":"https:\/\/jobs.dialyse-rendsburg.de\/index.php?rest_route=\/wp\/v2\/pages\/371\/revisions\/449"}],"wp:attachment":[{"href":"https:\/\/jobs.dialyse-rendsburg.de\/index.php?rest_route=%2Fwp%2Fv2%2Fmedia&parent=371"}],"curies":[{"name":"wp","href":"https:\/\/api.w.org\/{rel}","templated":true}]}}